{"id":2,"date":"2019-09-23T00:21:35","date_gmt":"2019-09-23T00:21:35","guid":{"rendered":"https:\/\/beliarsblog.de\/wordpress\/?page_id=2"},"modified":"2022-04-05T23:01:01","modified_gmt":"2022-04-05T23:01:01","slug":"sample-page","status":"publish","type":"page","link":"https:\/\/beliarsblog.de\/?page_id=2","title":{"rendered":"Impressum"},"content":{"rendered":"<h2 id=\"m46\">Diensteanbieter<\/h2>\n<p>Matthias B\u00f6rker<\/p>\n<p>Paulusstra\u00dfe 6<\/p>\n<p>Stuttgart<\/p>\n<p>Deutschland<\/p>\n<h2 id=\"m56\">Kontaktm\u00f6glichkeiten<\/h2>\n<p><strong>E-Mail-Adresse<\/strong>: boerker.m(at)gmail.com<\/p>\n<p><strong>Kontaktformular<\/strong>: <a href=\"https:\/\/beliarsblog.de\/?page_id=7391\" target=\"_blank\" rel=\"noopener noreferrer\">https:\/\/beliarsblog.de\/?page_id=7391<\/a><\/p>\n<h2 id=\"m154\">Journalistisch-redaktionelle Angebote<\/h2>\n<p><strong>Inhaltlich verantwortlich<\/strong>: Matthias B\u00f6rker (Adresse wie oben)<\/p>\n<p class=\"seal\"><a title=\"Rechtstext von Dr. Schwenke - f\u00fcr weitere Informationen bitte anklicken.\" href=\"https:\/\/datenschutz-generator.de\/?l=de\" target=\"_blank\" rel=\"noopener noreferrer\">Erstellt mit Datenschutz-Generator.de von Dr. jur. Thomas Schwenke<\/a><\/p>\n","protected":false},"excerpt":{"rendered":"<p>Diensteanbieter Matthias B\u00f6rker Paulusstra\u00dfe 6 Stuttgart Deutschland Kontaktm\u00f6glichkeiten E-Mail-Adresse: boerker.m(at)gmail.com Kontaktformular: https:\/\/beliarsblog.de\/?page_id=7391 Journalistisch-redaktionelle Angebote Inhaltlich verantwortlich: Matthias B\u00f6rker (Adresse wie oben) Erstellt mit Datenschutz-Generator.de von Dr. jur. Thomas Schwenke<\/p>\n","protected":false},"author":1,"featured_media":0,"parent":0,"menu_order":0,"comment_status":"closed","ping_status":"closed","template":"","meta":[],"_links":{"self":[{"href":"https:\/\/beliarsblog.de\/index.php?rest_route=\/wp\/v2\/pages\/2"}],"collection":[{"href":"https:\/\/beliarsblog.de\/index.php?rest_route=\/wp\/v2\/pages"}],"about":[{"href":"https:\/\/beliarsblog.de\/index.php?rest_route=\/wp\/v2\/types\/page"}],"author":[{"embeddable":true,"href":"https:\/\/beliarsblog.de\/index.php?rest_route=\/wp\/v2\/users\/1"}],"replies":[{"embeddable":true,"href":"https:\/\/beliarsblog.de\/index.php?rest_route=%2Fwp%2Fv2%2Fcomments&post=2"}],"version-history":[{"count":3,"href":"https:\/\/beliarsblog.de\/index.php?rest_route=\/wp\/v2\/pages\/2\/revisions"}],"predecessor-version":[{"id":15342,"href":"https:\/\/beliarsblog.de\/index.php?rest_route=\/wp\/v2\/pages\/2\/revisions\/15342"}],"wp:attachment":[{"href":"https:\/\/beliarsblog.de\/index.php?rest_route=%2Fwp%2Fv2%2Fmedia&parent=2"}],"curies":[{"name":"wp","href":"https:\/\/api.w.org\/{rel}","templated":true}]}}